{"id":80,"date":"2022-07-24T12:13:22","date_gmt":"2022-07-24T12:13:22","guid":{"rendered":"https:\/\/www.stt-meisterschaft.at\/?page_id=80"},"modified":"2026-04-13T14:40:23","modified_gmt":"2026-04-13T14:40:23","slug":"sportgericht","status":"publish","type":"page","link":"https:\/\/www.stt-meisterschaft.at\/index.php\/sportgericht\/","title":{"rendered":"Sportgericht"},"content":{"rendered":"\n<p class=\"has-black-color has-text-color has-large-font-size\"><strong>Saison 2025 \/ 2026<\/strong><\/p>\n\n\n\n<p class=\"has-black-color has-text-color has-large-font-size\"><br><\/p>\n\n\n\n<ol class=\"wp-block-list\">\n<li>Sportgerichtsverhandlung<\/li>\n<\/ol>\n\n\n\n<figure class=\"wp-block-table\"><table class=\"has-black-color has-text-color has-link-color\"><tbody><tr><td>Vorsitzender:<\/td><td>Horst Schinke (Einzelrichter)<\/td><\/tr><tr><td>Beisitzer:<\/td><td>keine<\/td><\/tr><tr><td>Schiedsrichter:<\/td><td>Heinz Tropper<\/td><\/tr><tr><td>Spiel:<\/td><td>Nr. 66 STT Fuerndoerfler : STT Multitask<\/td><\/tr><tr><td>Spieler:<\/td><td>Rabl Philipp&nbsp;(STT Multiask)<\/td><\/tr><tr><td>Urteil:<\/td><td>5 Spiele sperre wegen Schiedsrichterbeleidigung<\/td><\/tr><\/tbody><\/table><\/figure>\n\n\n\n<p>2. Sportgerichtsverhandlung<\/p>\n\n\n\n<figure class=\"wp-block-table\"><table class=\"has-black-color has-text-color has-link-color\"><tbody><tr><td>Vorsitzender:<\/td><td>Horst Schinke (Einzelrichter)<\/td><\/tr><tr><td>Beisitzer:<\/td><td>keine<\/td><\/tr><tr><td>Schiedsrichter:<\/td><td>Karl Amreich<\/td><\/tr><tr><td>Spiel:<\/td><td>Nr. 80 SV Geistthal &#8211; HVTDP Stainz<\/td><\/tr><tr><td>Spieler:<\/td><td>Kienzl Florian&nbsp;(STT W\u00f6rg\u00f6tter)<\/td><\/tr><tr><td>Urteil:<\/td><td>1 Spiele sperre wegen Torraub<\/td><\/tr><\/tbody><\/table><\/figure>\n\n\n\n<p><\/p>\n\n\n\n<p>3. Sportgerichtsverhandlung<\/p>\n\n\n\n<figure class=\"wp-block-table\"><table class=\"has-black-color has-text-color has-link-color\"><tbody><tr><td>Vorsitzender:<\/td><td>Horst Schinke (Einzelrichter)<\/td><\/tr><tr><td>Beisitzer:<\/td><td>keine<\/td><\/tr><tr><td>Schiedsrichter:<\/td><td>Karl Amreich<\/td><\/tr><tr><td>Spiel:<\/td><td>Nr. 80 SV Geistthal &#8211; HVTDP Stainz<\/td><\/tr><tr><td>Spieler:<\/td><td>Lesky Michael&nbsp;(HVTDP Stainz)<\/td><\/tr><tr><td>Urteil:<\/td><td>3 Spiele sperre wegen groben Foul<\/td><\/tr><\/tbody><\/table><\/figure>\n\n\n\n<p class=\"has-medium-font-size\"><\/p>\n\n\n\n<p>4. Sportgerichtsverhandlung<\/p>\n\n\n\n<figure class=\"wp-block-table\"><table class=\"has-black-color has-text-color has-link-color\"><tbody><tr><td>Vorsitzender:<\/td><td>Horst Schinke (Einzelrichter)<\/td><\/tr><tr><td>Beisitzer:<\/td><td>keine<\/td><\/tr><tr><td>Schiedsrichter:<\/td><td>Karl Amreich<\/td><\/tr><tr><td>Spiel:<\/td><td>Nr. 59 SK Hohenburg : HVTDP Stainz<\/td><\/tr><tr><td>Spieler:<\/td><td>LESKY Niklas&nbsp;(HVTDP Stainz)<\/td><\/tr><tr><td>Urteil:<\/td><td>2 Spiele sperre wegen Torraub<\/td><\/tr><\/tbody><\/table><\/figure>\n\n\n\n<p><\/p>\n\n\n\n<p>5. Sportgerichtsverhandlung<\/p>\n\n\n\n<figure class=\"wp-block-table\"><table class=\"has-black-color has-text-color has-link-color\"><tbody><tr><td>Vorsitzender:<\/td><td>Horst Schinke (Einzelrichter)<\/td><\/tr><tr><td>Beisitzer:<\/td><td>keine<\/td><\/tr><tr><td>Schiedsrichter:<\/td><td>Boban Mitic<\/td><\/tr><tr><td>Spiel:<\/td><td>Nr. 55 HVTDP Stainz : GSV St. Oswald<\/td><\/tr><tr><td>Spieler:<\/td><td>Leist Bernhard&nbsp;(GSV St. Oswald)<\/td><\/tr><tr><td>Urteil:<\/td><td>2 Spiele sperre wegen Torraub<\/td><\/tr><\/tbody><\/table><\/figure>\n\n\n\n<p><\/p>\n\n\n\n<p>6. Sportgerichtsverhandlung<\/p>\n\n\n\n<figure class=\"wp-block-table\"><table class=\"has-black-color has-text-color has-link-color\"><tbody><tr><td>Vorsitzender:<\/td><td>Horst Schinke (Einzelrichter)<\/td><\/tr><tr><td>Beisitzer:<\/td><td>Markus Kriegl (STT W\u00f6rg\u00f6tter)<br>Andreas Panzer (STT Mausser)<\/td><\/tr><tr><td>Schiedsrichter:<\/td><td><\/td><\/tr><tr><td>Spiel:<\/td><td>Nr. 77  STT Multitask : STT Fuerndoerfler<\/td><\/tr><tr><td>Spieler:<\/td><td>H\u00f6rmann Stefan (STT Multitask)<\/td><\/tr><tr><td><\/td><td>Das Sportgericht er\u00f6ffnet mit dem heutigen Tag ein Sportgerichtsverfahren aufgrund der Anzeige des STT F\u00fcrnd\u00f6rfler gegen den Spieler H\u00f6rmann Stefan (STT Multitask) wegen grober Unsportlichkeit.<br><br>Die Anzeige des STT F\u00fcrnd\u00f6rfler ist dem STT Multitask per Mail zugestellt worden.<br><br>Der STT Multiask kann bis zum 23.04.2026 eine Stellungnahme zu diesem Vorgang abgeben.<\/td><\/tr><\/tbody><\/table><\/figure>\n\n\n\n<p><\/p>\n","protected":false},"excerpt":{"rendered":"<p>Saison 2025 \/ 2026 Vorsitzender: Horst Schinke (Einzelrichter) Beisitzer: keine Schiedsrichter: Heinz Tropper Spiel: Nr. 66 STT Fuerndoerfler : STT Multitask Spieler: Rabl Philipp&nbsp;(STT Multiask) Urteil: 5 Spiele sperre wegen Schiedsrichterbeleidigung 2. Sportgerichtsverhandlung Vorsitzender: Horst Schinke (Einzelrichter) Beisitzer: keine Schiedsrichter: Karl Amreich Spiel: Nr. 80 SV Geistthal &#8211; HVTDP Stainz Spieler: Kienzl Florian&nbsp;(STT W\u00f6rg\u00f6tter) Urteil:&hellip; <br \/> <a class=\"read-more\" href=\"https:\/\/www.stt-meisterschaft.at\/index.php\/sportgericht\/\">Weiterlesen<\/a><\/p>\n","protected":false},"author":1,"featured_media":0,"parent":0,"menu_order":0,"comment_status":"closed","ping_status":"closed","template":"","meta":{"footnotes":""},"class_list":["post-80","page","type-page","status-publish","hentry"],"_links":{"self":[{"href":"https:\/\/www.stt-meisterschaft.at\/index.php\/wp-json\/wp\/v2\/pages\/80","targetHints":{"allow":["GET"]}}],"collection":[{"href":"https:\/\/www.stt-meisterschaft.at\/index.php\/wp-json\/wp\/v2\/pages"}],"about":[{"href":"https:\/\/www.stt-meisterschaft.at\/index.php\/wp-json\/wp\/v2\/types\/page"}],"author":[{"embeddable":true,"href":"https:\/\/www.stt-meisterschaft.at\/index.php\/wp-json\/wp\/v2\/users\/1"}],"replies":[{"embeddable":true,"href":"https:\/\/www.stt-meisterschaft.at\/index.php\/wp-json\/wp\/v2\/comments?post=80"}],"version-history":[{"count":54,"href":"https:\/\/www.stt-meisterschaft.at\/index.php\/wp-json\/wp\/v2\/pages\/80\/revisions"}],"predecessor-version":[{"id":307,"href":"https:\/\/www.stt-meisterschaft.at\/index.php\/wp-json\/wp\/v2\/pages\/80\/revisions\/307"}],"wp:attachment":[{"href":"https:\/\/www.stt-meisterschaft.at\/index.php\/wp-json\/wp\/v2\/media?parent=80"}],"curies":[{"name":"wp","href":"https:\/\/api.w.org\/{rel}","templated":true}]}}